{"id":1284,"date":"2022-11-15T10:00:11","date_gmt":"2022-11-15T15:00:11","guid":{"rendered":"http:\/\/bestyears.ca\/tour-how-to-choose\/"},"modified":"2023-01-24T16:51:05","modified_gmt":"2023-01-24T21:51:05","slug":"comment-choisir-une-residence","status":"publish","type":"page","link":"http:\/\/bestyears.ca\/fr\/comment-choisir-une-residence\/","title":{"rendered":"Comment choisir une R\u00e9sidence"},"content":{"rendered":"<div class=\"fusion-fullwidth fullwidth-box fusion-builder-row-1 fusion-flex-container has-pattern-background has-mask-background nonhundred-percent-fullwidth non-hundred-percent-height-scrolling\" style=\"--awb-border-radius-top-left:0px;--awb-border-radius-top-right:0px;--awb-border-radius-bottom-right:0px;--awb-border-radius-bottom-left:0px;--awb-flex-wrap:wrap;\" ><div class=\"fusion-builder-row fusion-row fusion-flex-align-items-flex-start fusion-flex-content-wrap\" style=\"max-width:1144px;margin-left: calc(-4% \/ 2 );margin-right: calc(-4% \/ 2 );\"><div class=\"fusion-layout-column fusion_builder_column fusion-builder-column-0 fusion_builder_column_1_2 1_2 fusion-flex-column\" style=\"--awb-bg-size:cover;--awb-width-large:50%;--awb-margin-top-large:0px;--awb-spacing-right-large:3.84%;--awb-margin-bottom-large:20px;--awb-spacing-left-large:3.84%;--awb-width-medium:100%;--awb-order-medium:0;--awb-spacing-right-medium:1.92%;--awb-spacing-left-medium:1.92%;--awb-width-small:100%;--awb-order-small:0;--awb-spacing-right-small:1.92%;--awb-spacing-left-small:1.92%;\"><div class=\"fusion-column-wrapper fusion-column-has-shadow fusion-flex-justify-content-flex-start fusion-content-layout-column\"><div class=\"fusion-title title fusion-title-1 fusion-title-text fusion-title-size-three\"><div class=\"title-sep-container title-sep-container-left fusion-no-large-visibility fusion-no-medium-visibility fusion-no-small-visibility\"><div class=\"title-sep sep- sep-solid\" style=\"border-color:var(--awb-color3);\"><\/div><\/div><span class=\"awb-title-spacer fusion-no-large-visibility fusion-no-medium-visibility fusion-no-small-visibility\"><\/span><h3 class=\"fusion-title-heading title-heading-left\" style=\"margin:0;\">Comment choisir une R\u00e9sidence<\/h3><span class=\"awb-title-spacer\"><\/span><div class=\"title-sep-container title-sep-container-right\"><div class=\"title-sep sep- sep-solid\" style=\"border-color:var(--awb-color3);\"><\/div><\/div><\/div><div class=\"fusion-text fusion-text-1\"><p style=\"font-weight: 400;\">Les milieux de vie pour personnes \u00e2g\u00e9es sont nombreux et vari\u00e9s dans ce qu&rsquo;ils peuvent offrir en termes de soins. Vous ne savez peut-\u00eatre pas quel type d&rsquo;environnement est le mieux adapt\u00e9 \u00e0 vous ou \u00e0 votre proche. Votre conseiller en h\u00e9bergement vous aidera \u00e0 le confirmer, mais voici une br\u00e8ve description de chacun pour vous aider \u00e0 comprendre la terminologie :<\/p>\n<p style=\"font-weight: 400;\"><strong>Logements\/appartements pour personnes \u00e2g\u00e9es<\/strong> &#8211; Vous verrez souvent ces logements annonc\u00e9s \u00e0 l&rsquo;ext\u00e9rieur des b\u00e2timents comme \u00e9tant \u00ab\u00a0pour les personnes \u00e2g\u00e9es actives\u00a0\u00bb, \u00ab\u00a0pour les retrait\u00e9s\u00a0\u00bb ou \u00ab\u00a0communaut\u00e9 55+\u00a0\u00bb. Ils disposent souvent d&rsquo;\u00e9quipements tels que des piscines, des courts de tennis et des centres de remise en forme, mais pas de services tels que des repas ou du personnel de soins sur place.<\/p>\n<p style=\"font-weight: 400;\"><strong>R\u00e9sidence autonome<\/strong> s&rsquo;adresse aux personnes \u00e2g\u00e9es actives et pleinement autonomes qui n&rsquo;ont pas besoin de soins et d&rsquo;assistance au quotidien, mais qui profiteraient de la socialisation et d&rsquo;un mode de vie sans entretien. Ces r\u00e9sidences offrent les services de base que de nombreuses personnes \u00e2g\u00e9es souhaitent avoir lorsqu&rsquo;elles emm\u00e9nagent dans un environnement de vie pour personnes \u00e2g\u00e9es, tels que les repas, le service de l\u2019entertien m\u00e9nager, le service de buanderie, les activit\u00e9s sociales organis\u00e9es et les sorties, ainsi qu&rsquo;un certain personnel de soins dans l&rsquo;immeuble, auquel elles peuvent faire appel au besoin. La plupart d&rsquo;entre eux disposent \u00e9galement d&rsquo;un salon de coiffure, d&rsquo;un magasin de proximit\u00e9 et d&rsquo;une pharmacie dans leurs b\u00e2timents.<\/p>\n<p style=\"font-weight: 400;\"><strong>R\u00e9sidence semi-autonome<\/strong> s&rsquo;adresse aux personnes \u00e2g\u00e9es qui ont besoin d&rsquo;un peu plus d&rsquo;aide pour les activit\u00e9s de la vie quotidienne telles que l&rsquo;habillage, le bain et la mobilit\u00e9. Certaines conviennent \u00e9galement aux personnes pr\u00e9sentant un certain degr\u00e9 de perte cognitive ou de m\u00e9moire, jusqu&rsquo;\u00e0 un degr\u00e9 mod\u00e9r\u00e9. La pr\u00e9sence de professionnels des soins infirmiers, de soignants et de visites m\u00e9dicales est \u00e9galement plus importante dans ces r\u00e9sidences.<\/p>\n<p style=\"font-weight: 400;\"><strong>Les r\u00e9sidences familiales<\/strong> offrent des soins aux personnes \u00e2g\u00e9es dans un cadre plus petit et plus familial. Les soins y sont plus individuels et conviennent bien aux personnes \u00e2g\u00e9es qui ne veulent pas une grande r\u00e9sidence ou qui b\u00e9n\u00e9ficieraient d&rsquo;une plus grande pr\u00e9sence quotidienne de personnel.\u00a0 Ces environnements peuvent aller d&rsquo;un minimum de soins et de supervision jusqu&rsquo;\u00e0 des soins palliatifs dans certains cas.\u00a0 Ils sont tr\u00e8s fortement soutenus par les professionnels sociaux, infirmiers et m\u00e9dicaux de leur CLSC local.<\/p>\n<p style=\"font-weight: 400;\">\u00a0<strong>Les soins de m\u00e9moire<\/strong> pour les personnes \u00e2g\u00e9es atteintes de la maladie d&rsquo;Alzheimer et d&rsquo;autres d\u00e9mences, qui ont besoin de mesures de s\u00e9curit\u00e9 renforc\u00e9s et de th\u00e9rapies et d&rsquo;activit\u00e9s plus engageantes, avec accent sur la m\u00e9moire. Parfois, les r\u00e9sidences autonomes et semi-autonomes offrent des \u00e9tages ou des ailes sp\u00e9cialis\u00e9s pour cette client\u00e8le, ce qui permet \u00e0 leurs r\u00e9sidents de rester avec eux, m\u00eame si leur sant\u00e9 et leurs besoins \u00e9voluent avec le temps.<\/p>\n<p style=\"font-weight: 400;\"><strong>Les maisons de soins infirmiers\/CHSLD<\/strong> &#8211; aussi souvent appel\u00e9s \u00e9tablissements de soins complets.\u00a0 Ils sont destin\u00e9s aux a\u00een\u00e9s qui n\u00e9cessitent un niveau \u00e9lev\u00e9 de soins et de surveillance quotidiens ou \u00e0 ceux qui ont des probl\u00e8mes de sant\u00e9 chroniques ou complexes, pour lesquels la pr\u00e9sence d&rsquo;infirmi\u00e8res dipl\u00f4m\u00e9es et des visites fr\u00e9quentes chez le m\u00e9decin sont recommand\u00e9es.<\/p>\n<p style=\"font-weight: 400;\"><strong>Les soins \u00e0 domicile<\/strong> pour les personnes \u00e2g\u00e9es qui pr\u00e9f\u00e8rent vieillir chez eux, mais qui b\u00e9n\u00e9ficieraient d&rsquo;une assistance r\u00e9guli\u00e8re, d&rsquo;un transport et d&rsquo;une compagnie. Nous pouvons vous orienter vers la bonne \u00e9quipe de professionnels pour y parvenir.<\/p>\n<\/div><\/div><\/div><div class=\"fusion-layout-column fusion_builder_column fusion-builder-column-1 fusion_builder_column_1_2 1_2 fusion-flex-column\" style=\"--awb-bg-size:cover;--awb-width-large:50%;--awb-margin-top-large:0px;--awb-spacing-right-large:3.84%;--awb-margin-bottom-large:20px;--awb-spacing-left-large:3.84%;--awb-width-medium:100%;--awb-order-medium:0;--awb-spacing-right-medium:1.92%;--awb-spacing-left-medium:1.92%;--awb-width-small:100%;--awb-order-small:0;--awb-spacing-right-small:1.92%;--awb-spacing-left-small:1.92%;\"><div class=\"fusion-column-wrapper fusion-column-has-shadow fusion-flex-justify-content-flex-start fusion-content-layout-column\"><div class=\"fusion-separator fusion-full-width-sep\" style=\"align-self: center;margin-left: auto;margin-right: auto;margin-top:30px;margin-bottom:30px;width:100%;\"><\/div><div class=\"fusion-separator fusion-full-width-sep\" style=\"align-self: center;margin-left: auto;margin-right: auto;margin-top:30px;margin-bottom:30px;width:100%;\"><\/div><div class=\"fusion-image-element \" style=\"text-align:center;--awb-bottom-shadow-color:var(--awb-color7);--awb-caption-title-font-family:var(--h2_typography-font-family);--awb-caption-title-font-weight:var(--h2_typography-font-weight);--awb-caption-title-font-style:var(--h2_typography-font-style);--awb-caption-title-size:var(--h2_typography-font-size);--awb-caption-title-transform:var(--h2_typography-text-transform);--awb-caption-title-line-height:var(--h2_typography-line-height);--awb-caption-title-letter-spacing:var(--h2_typography-letter-spacing);\"><div class=\"awb-image-frame awb-image-frame-1 awb-bottomshadow\"><span class=\" fusion-imageframe imageframe-bottomshadow imageframe-1 hover-type-none\"><img decoding=\"async\" width=\"1920\" height=\"1080\" title=\"5\" src=\"http:\/\/bestyears.ca\/wp-content\/uploads\/2022\/10\/5.png\" data-orig-src=\"http:\/\/bestyears.ca\/wp-content\/uploads\/2022\/10\/5.png\" alt class=\"lazyload img-responsive wp-image-1252\" srcset=\"data:image\/svg+xml,%3Csvg%20xmlns%3D%27http%3A%2F%2Fwww.w3.org%2F2000%2Fsvg%27%20width%3D%271920%27%20height%3D%271080%27%20viewBox%3D%270%200%201920%201080%27%3E%3Crect%20width%3D%271920%27%20height%3D%271080%27%20fill-opacity%3D%220%22%2F%3E%3C%2Fsvg%3E\" data-srcset=\"http:\/\/bestyears.ca\/wp-content\/uploads\/2022\/10\/5-200x113.png 200w, http:\/\/bestyears.ca\/wp-content\/uploads\/2022\/10\/5-400x225.png 400w, http:\/\/bestyears.ca\/wp-content\/uploads\/2022\/10\/5-600x338.png 600w, http:\/\/bestyears.ca\/wp-content\/uploads\/2022\/10\/5-800x450.png 800w, http:\/\/bestyears.ca\/wp-content\/uploads\/2022\/10\/5-1200x675.png 1200w, http:\/\/bestyears.ca\/wp-content\/uploads\/2022\/10\/5.png 1920w\" data-sizes=\"auto\" data-orig-sizes=\"(max-width: 1280px) 100vw, (max-width: 1024px) 100vw, 600px\" \/><\/span><svg xmlns=\"http:\/\/www.w3.org\/2000\/svg\" version=\"1.1\" width=\"100%\" viewBox=\"0 0 600 28\" preserveAspectRatio=\"none\"><g clip-path=\"url(#a)\"><mask id=\"b\" style=\"mask-type:luminance\" maskUnits=\"userSpaceOnUse\" x=\"0\" y=\"0\" width=\"600\" height=\"28\"><path d=\"M0 0h600v28H0V0Z\" fill=\"#fff\"\/><\/mask><g filter=\"url(#c)\" mask=\"url(#b)\"><path d=\"M16.439-18.667h567.123v30.8S438.961-8.4 300-8.4C161.04-8.4 16.438 12.133 16.438 12.133v-30.8Z\" fill=\"#000\"\/><\/g><\/g><defs><clipPath id=\"a\"><path fill=\"#fff\" d=\"M0 0h600v28H0z\"\/><\/clipPath><filter id=\"c\" x=\"5.438\" y=\"-29.667\" width=\"589.123\" height=\"52.8\" filterUnits=\"userSpaceOnUse\" color-interpolation-filters=\"sRGB\"><feFlood flood-opacity=\"0\" result=\"BackgroundImageFix\"\/><feBlend in=\"SourceGraphic\" in2=\"BackgroundImageFix\" result=\"shape\"\/><feGaussianBlur stdDeviation=\"5.5\" result=\"effect1_foregroundBlur_3983_183\"\/><\/filter><\/defs><\/svg><\/div><\/div><div class=\"fusion-separator fusion-full-width-sep\" style=\"align-self: center;margin-left: auto;margin-right: auto;margin-top:30px;margin-bottom:30px;width:100%;\"><\/div><div class=\"fusion-image-element \" style=\"text-align:center;--awb-bottom-shadow-color:var(--awb-color7);--awb-caption-title-font-family:var(--h2_typography-font-family);--awb-caption-title-font-weight:var(--h2_typography-font-weight);--awb-caption-title-font-style:var(--h2_typography-font-style);--awb-caption-title-size:var(--h2_typography-font-size);--awb-caption-title-transform:var(--h2_typography-text-transform);--awb-caption-title-line-height:var(--h2_typography-line-height);--awb-caption-title-letter-spacing:var(--h2_typography-letter-spacing);\"><div class=\"awb-image-frame awb-image-frame-2 awb-bottomshadow\"><span class=\" fusion-imageframe imageframe-bottomshadow imageframe-2 hover-type-none\"><img decoding=\"async\" width=\"1920\" height=\"1080\" title=\"6\" src=\"http:\/\/bestyears.ca\/wp-content\/uploads\/2022\/10\/6.png\" data-orig-src=\"http:\/\/bestyears.ca\/wp-content\/uploads\/2022\/10\/6.png\" alt class=\"lazyload img-responsive wp-image-1253\" srcset=\"data:image\/svg+xml,%3Csvg%20xmlns%3D%27http%3A%2F%2Fwww.w3.org%2F2000%2Fsvg%27%20width%3D%271920%27%20height%3D%271080%27%20viewBox%3D%270%200%201920%201080%27%3E%3Crect%20width%3D%271920%27%20height%3D%271080%27%20fill-opacity%3D%220%22%2F%3E%3C%2Fsvg%3E\" data-srcset=\"http:\/\/bestyears.ca\/wp-content\/uploads\/2022\/10\/6-200x113.png 200w, http:\/\/bestyears.ca\/wp-content\/uploads\/2022\/10\/6-400x225.png 400w, http:\/\/bestyears.ca\/wp-content\/uploads\/2022\/10\/6-600x338.png 600w, http:\/\/bestyears.ca\/wp-content\/uploads\/2022\/10\/6-800x450.png 800w, http:\/\/bestyears.ca\/wp-content\/uploads\/2022\/10\/6-1200x675.png 1200w, http:\/\/bestyears.ca\/wp-content\/uploads\/2022\/10\/6.png 1920w\" data-sizes=\"auto\" data-orig-sizes=\"(max-width: 1280px) 100vw, (max-width: 1024px) 100vw, 600px\" \/><\/span><svg xmlns=\"http:\/\/www.w3.org\/2000\/svg\" version=\"1.1\" width=\"100%\" viewBox=\"0 0 600 28\" preserveAspectRatio=\"none\"><g clip-path=\"url(#a)\"><mask id=\"b\" style=\"mask-type:luminance\" maskUnits=\"userSpaceOnUse\" x=\"0\" y=\"0\" width=\"600\" height=\"28\"><path d=\"M0 0h600v28H0V0Z\" fill=\"#fff\"\/><\/mask><g filter=\"url(#c)\" mask=\"url(#b)\"><path d=\"M16.439-18.667h567.123v30.8S438.961-8.4 300-8.4C161.04-8.4 16.438 12.133 16.438 12.133v-30.8Z\" fill=\"#000\"\/><\/g><\/g><defs><clipPath id=\"a\"><path fill=\"#fff\" d=\"M0 0h600v28H0z\"\/><\/clipPath><filter id=\"c\" x=\"5.438\" y=\"-29.667\" width=\"589.123\" height=\"52.8\" filterUnits=\"userSpaceOnUse\" color-interpolation-filters=\"sRGB\"><feFlood flood-opacity=\"0\" result=\"BackgroundImageFix\"\/><feBlend in=\"SourceGraphic\" in2=\"BackgroundImageFix\" result=\"shape\"\/><feGaussianBlur stdDeviation=\"5.5\" result=\"effect1_foregroundBlur_3983_183\"\/><\/filter><\/defs><\/svg><\/div><\/div><\/div><\/div><\/div><\/div>\n","protected":false},"excerpt":{"rendered":"","protected":false},"author":2,"featured_media":0,"parent":0,"menu_order":0,"comment_status":"closed","ping_status":"closed","template":"","meta":{"_coblocks_attr":"","_coblocks_dimensions":"","_coblocks_responsive_height":"","_coblocks_accordion_ie_support":"","footnotes":""},"class_list":["post-1284","page","type-page","status-publish","hentry"],"aioseo_notices":[],"_links":{"self":[{"href":"http:\/\/bestyears.ca\/fr\/wp-json\/wp\/v2\/pages\/1284","targetHints":{"allow":["GET"]}}],"collection":[{"href":"http:\/\/bestyears.ca\/fr\/wp-json\/wp\/v2\/pages"}],"about":[{"href":"http:\/\/bestyears.ca\/fr\/wp-json\/wp\/v2\/types\/page"}],"author":[{"embeddable":true,"href":"http:\/\/bestyears.ca\/fr\/wp-json\/wp\/v2\/users\/2"}],"replies":[{"embeddable":true,"href":"http:\/\/bestyears.ca\/fr\/wp-json\/wp\/v2\/comments?post=1284"}],"version-history":[{"count":3,"href":"http:\/\/bestyears.ca\/fr\/wp-json\/wp\/v2\/pages\/1284\/revisions"}],"predecessor-version":[{"id":1287,"href":"http:\/\/bestyears.ca\/fr\/wp-json\/wp\/v2\/pages\/1284\/revisions\/1287"}],"wp:attachment":[{"href":"http:\/\/bestyears.ca\/fr\/wp-json\/wp\/v2\/media?parent=1284"}],"curies":[{"name":"wp","href":"https:\/\/api.w.org\/{rel}","templated":true}]}}