{"id":1281,"date":"2023-01-16T15:46:58","date_gmt":"2023-01-16T20:46:58","guid":{"rendered":"http:\/\/bestyears.ca\/about-us\/"},"modified":"2023-01-24T17:19:33","modified_gmt":"2023-01-24T22:19:33","slug":"a-propos","status":"publish","type":"page","link":"https:\/\/bestyears.ca\/fr\/a-propos\/","title":{"rendered":"\u00c0 propos"},"content":{"rendered":"<div class=\"fusion-fullwidth fullwidth-box fusion-builder-row-1 fusion-flex-container has-pattern-background has-mask-background nonhundred-percent-fullwidth non-hundred-percent-height-scrolling\" style=\"--awb-border-radius-top-left:0px;--awb-border-radius-top-right:0px;--awb-border-radius-bottom-right:0px;--awb-border-radius-bottom-left:0px;--awb-flex-wrap:wrap;\" ><div class=\"fusion-builder-row fusion-row fusion-flex-align-items-flex-start fusion-flex-content-wrap\" style=\"max-width:1144px;margin-left: calc(-4% \/ 2 );margin-right: calc(-4% \/ 2 );\"><div class=\"fusion-layout-column fusion_builder_column fusion-builder-column-0 fusion_builder_column_2_3 2_3 fusion-flex-column\" style=\"--awb-bg-size:cover;--awb-width-large:66.666666666667%;--awb-margin-top-large:0px;--awb-spacing-right-large:2.88%;--awb-margin-bottom-large:20px;--awb-spacing-left-large:2.88%;--awb-width-medium:100%;--awb-order-medium:0;--awb-spacing-right-medium:1.92%;--awb-spacing-left-medium:1.92%;--awb-width-small:100%;--awb-order-small:0;--awb-spacing-right-small:1.92%;--awb-spacing-left-small:1.92%;\"><div class=\"fusion-column-wrapper fusion-column-has-shadow fusion-flex-justify-content-flex-start fusion-content-layout-column\"><div class=\"fusion-title title fusion-title-1 fusion-title-text fusion-title-size-three\"><div class=\"title-sep-container title-sep-container-left fusion-no-large-visibility fusion-no-medium-visibility fusion-no-small-visibility\"><div class=\"title-sep sep- sep-solid\" style=\"border-color:var(--awb-color3);\"><\/div><\/div><span class=\"awb-title-spacer fusion-no-large-visibility fusion-no-medium-visibility fusion-no-small-visibility\"><\/span><h3 class=\"fusion-title-heading title-heading-left\" style=\"margin:0;\">\u00c0 propos du fondateur<\/h3><span class=\"awb-title-spacer\"><\/span><div class=\"title-sep-container title-sep-container-right\"><div class=\"title-sep sep- sep-solid\" style=\"border-color:var(--awb-color3);\"><\/div><\/div><\/div><div class=\"fusion-text fusion-text-1\"><p style=\"font-weight: 400;\">Il y a quinze ans, ma vie a chang\u00e9 de fa\u00e7on inattendue lorsque ma m\u00e8re, \u00e2g\u00e9e de 68 ans \u00e0 l&rsquo;\u00e9poque, a re\u00e7u un diagnostic de maladie d&rsquo;Alzheimer.\u00a0 Il n&rsquo;a pas fallu longtemps pour qu&rsquo;elle ne soit plus capable de rester seule chez elle en toute s\u00e9curit\u00e9.\u00a0 De retour au travail apr\u00e8s un cong\u00e9 de maternit\u00e9 et avec un nouveau b\u00e9b\u00e9, je me suis sentie compl\u00e8tement d\u00e9pass\u00e9e par la situation et j&rsquo;ai pris la d\u00e9cision de placer ma m\u00e8re dans une r\u00e9sidence.<\/p>\n<p style=\"font-weight: 400;\">J&rsquo;\u00e9tais compl\u00e8tement perdue quant \u00e0 la fa\u00e7on de proc\u00e9der.\u00a0 Quel type de r\u00e9sidence \u00e9tait le plus appropri\u00e9 pour elle, maintenant et \u00e0 l&rsquo;avenir ?\u00a0 Combien co\u00fbtaient les r\u00e9sidences, et pouvait-elle en trouver une abordable?\u00a0 Quelle \u00e9tait la diff\u00e9rence entre les r\u00e9sidences priv\u00e9es et publiques et quelles \u00e9taient celles auxquelles je pouvais acc\u00e9der imm\u00e9diatement ?\u00a0 Y avait-il des r\u00e9sidences appropri\u00e9es pr\u00e8s de chez moi ?<\/p>\n<p style=\"font-weight: 400;\">Apr\u00e8s un processus long, difficile et stressant, et apr\u00e8s que ma m\u00e8re ait emm\u00e9nag\u00e9 et se soit install\u00e9e dans sa merveilleuse nouvelle r\u00e9sidence, je me suis jur\u00e9e de trouver un moyen d&rsquo;aider les autres qui vivent la m\u00eame situation, afin qu&rsquo;ils puissent se sentir soutenus et s\u00fbrs de prendre la bonne d\u00e9cision pour leurs proches et pour eux-m\u00eames.<\/p>\n<p style=\"font-weight: 400;\">Devenir conseill\u00e8re en h\u00e9bergement pour les a\u00een\u00e9s et leurs familles \u00e9tait une vocation pour moi et est devenue ma profession.\u00a0 Quinze ans plus tard, j&rsquo;ai aid\u00e9 pr\u00e8s de 800 personnes \u00e2g\u00e9es et leurs familles \u00e0 prendre une d\u00e9cision \u00e9clair\u00e9e, lors de leur transition vers une r\u00e9sidence pour personnes \u00e2g\u00e9es.<\/p>\n<p style=\"font-weight: 400;\">Chez Les Meilleures Ann\u00e9es, notre objectif est toujours de faire en sorte que nos clients a\u00een\u00e9s se sentent \u00e0 l&rsquo;aise avec leur conseiller en h\u00e9bergement et avec le processus que nous entreprenons ensemble, tout en \u00e9pargnant \u00e0 toute la famille d&rsquo;innombrables heures de temps pr\u00e9cieux et en \u00e9vitant la frustration et le stress.\u00a0 Nous y parvenons en nous appuyant sur des connaissances et une exp\u00e9rience approfondies, ainsi que sur la compassion, la patience et une grande capacit\u00e9 d&rsquo;\u00e9coute de nos clients.<\/p>\n<p style=\"font-weight: 400;\">Nous traitons chaque personne a\u00een\u00e9, chaque famille, comme si elle faisait partie de la n\u00f4tre.<\/p>\n<\/div><\/div><\/div><div class=\"fusion-layout-column fusion_builder_column fusion-builder-column-1 fusion_builder_column_1_3 1_3 fusion-flex-column\" style=\"--awb-bg-size:cover;--awb-width-large:33.333333333333%;--awb-margin-top-large:0px;--awb-spacing-right-large:5.76%;--awb-margin-bottom-large:20px;--awb-spacing-left-large:5.76%;--awb-width-medium:100%;--awb-order-medium:0;--awb-spacing-right-medium:1.92%;--awb-spacing-left-medium:1.92%;--awb-width-small:100%;--awb-order-small:0;--awb-spacing-right-small:1.92%;--awb-spacing-left-small:1.92%;\"><div class=\"fusion-column-wrapper fusion-column-has-shadow fusion-flex-justify-content-flex-start fusion-content-layout-column\"><div class=\"fusion-separator fusion-full-width-sep\" style=\"align-self: center;margin-left: auto;margin-right: auto;margin-top:30px;width:100%;\"><\/div><div class=\"fusion-separator fusion-full-width-sep\" style=\"align-self: center;margin-left: auto;margin-right: auto;margin-top:30px;width:100%;\"><\/div><div class=\"fusion-image-element \" style=\"--awb-caption-title-font-family:var(--h2_typography-font-family);--awb-caption-title-font-weight:var(--h2_typography-font-weight);--awb-caption-title-font-style:var(--h2_typography-font-style);--awb-caption-title-size:var(--h2_typography-font-size);--awb-caption-title-transform:var(--h2_typography-text-transform);--awb-caption-title-line-height:var(--h2_typography-line-height);--awb-caption-title-letter-spacing:var(--h2_typography-letter-spacing);\"><span class=\" fusion-imageframe imageframe-none imageframe-1 hover-type-none\"><img decoding=\"async\" width=\"250\" height=\"334\" title=\"moniqueszabo\" src=\"https:\/\/bestyears.ca\/wp-content\/uploads\/2022\/11\/moniqueszabo-e1667850622480.png\" data-orig-src=\"http:\/\/bestyears.ca\/wp-content\/uploads\/2022\/11\/moniqueszabo-e1667850622480.png\" alt class=\"lazyload img-responsive wp-image-1271\" srcset=\"data:image\/svg+xml,%3Csvg%20xmlns%3D%27http%3A%2F%2Fwww.w3.org%2F2000%2Fsvg%27%20width%3D%27250%27%20height%3D%27334%27%20viewBox%3D%270%200%20250%20334%27%3E%3Crect%20width%3D%27250%27%20height%3D%27334%27%20fill-opacity%3D%220%22%2F%3E%3C%2Fsvg%3E\" data-srcset=\"https:\/\/bestyears.ca\/wp-content\/uploads\/2022\/11\/moniqueszabo-e1667850622480-200x267.png 200w, https:\/\/bestyears.ca\/wp-content\/uploads\/2022\/11\/moniqueszabo-e1667850622480.png 250w\" data-sizes=\"auto\" data-orig-sizes=\"(max-width: 1280px) 100vw, (max-width: 1024px) 100vw, 250px\" \/><\/span><\/div><\/div><\/div><\/div><\/div>\n","protected":false},"excerpt":{"rendered":"","protected":false},"author":2,"featured_media":0,"parent":0,"menu_order":0,"comment_status":"closed","ping_status":"closed","template":"","meta":{"_coblocks_attr":"","_coblocks_dimensions":"","_coblocks_responsive_height":"","_coblocks_accordion_ie_support":"","footnotes":""},"class_list":["post-1281","page","type-page","status-publish","hentry"],"aioseo_notices":[],"_links":{"self":[{"href":"https:\/\/bestyears.ca\/fr\/wp-json\/wp\/v2\/pages\/1281","targetHints":{"allow":["GET"]}}],"collection":[{"href":"https:\/\/bestyears.ca\/fr\/wp-json\/wp\/v2\/pages"}],"about":[{"href":"https:\/\/bestyears.ca\/fr\/wp-json\/wp\/v2\/types\/page"}],"author":[{"embeddable":true,"href":"https:\/\/bestyears.ca\/fr\/wp-json\/wp\/v2\/users\/2"}],"replies":[{"embeddable":true,"href":"https:\/\/bestyears.ca\/fr\/wp-json\/wp\/v2\/comments?post=1281"}],"version-history":[{"count":3,"href":"https:\/\/bestyears.ca\/fr\/wp-json\/wp\/v2\/pages\/1281\/revisions"}],"predecessor-version":[{"id":1301,"href":"https:\/\/bestyears.ca\/fr\/wp-json\/wp\/v2\/pages\/1281\/revisions\/1301"}],"wp:attachment":[{"href":"https:\/\/bestyears.ca\/fr\/wp-json\/wp\/v2\/media?parent=1281"}],"curies":[{"name":"wp","href":"https:\/\/api.w.org\/{rel}","templated":true}]}}