{"id":1345,"date":"2022-11-15T11:37:58","date_gmt":"2022-11-15T16:37:58","guid":{"rendered":"http:\/\/bestyears.ca\/q-a\/"},"modified":"2023-02-01T13:48:37","modified_gmt":"2023-02-01T18:48:37","slug":"faq","status":"publish","type":"page","link":"https:\/\/bestyears.ca\/fr\/faq\/","title":{"rendered":"FAQ"},"content":{"rendered":"<p><div class=\"fusion-fullwidth fullwidth-box fusion-builder-row-1 fusion-flex-container has-pattern-background has-mask-background nonhundred-percent-fullwidth non-hundred-percent-height-scrolling\" style=\"--awb-border-radius-top-left:0px;--awb-border-radius-top-right:0px;--awb-border-radius-bottom-right:0px;--awb-border-radius-bottom-left:0px;--awb-flex-wrap:wrap;\" ><div class=\"fusion-builder-row fusion-row fusion-flex-align-items-flex-start fusion-flex-content-wrap\" style=\"max-width:1144px;margin-left: calc(-4% \/ 2 );margin-right: calc(-4% \/ 2 );\"><div class=\"fusion-layout-column fusion_builder_column fusion-builder-column-0 fusion_builder_column_1_1 1_1 fusion-flex-column\" style=\"--awb-bg-size:cover;--awb-width-large:100%;--awb-margin-top-large:0px;--awb-spacing-right-large:1.92%;--awb-margin-bottom-large:20px;--awb-spacing-left-large:1.92%;--awb-width-medium:100%;--awb-order-medium:0;--awb-spacing-right-medium:1.92%;--awb-spacing-left-medium:1.92%;--awb-width-small:100%;--awb-order-small:0;--awb-spacing-right-small:1.92%;--awb-spacing-left-small:1.92%;\"><div class=\"fusion-column-wrapper fusion-column-has-shadow fusion-flex-justify-content-flex-start fusion-content-layout-column\"><div class=\"fusion-separator fusion-full-width-sep\" style=\"align-self: center;margin-left: auto;margin-right: auto;margin-top:30px;margin-bottom:30px;width:100%;\"><\/div><div class=\"fusion-title title fusion-title-1 fusion-title-text fusion-title-size-three\"><div class=\"title-sep-container title-sep-container-left fusion-no-large-visibility fusion-no-medium-visibility fusion-no-small-visibility\"><div class=\"title-sep sep- sep-solid\" style=\"border-color:var(--awb-color3);\"><\/div><\/div><span class=\"awb-title-spacer fusion-no-large-visibility fusion-no-medium-visibility fusion-no-small-visibility\"><\/span><h3 class=\"fusion-title-heading title-heading-left\" style=\"margin:0;\">Foire aux questions et r\u00e9ponses<\/h3><span class=\"awb-title-spacer\"><\/span><div class=\"title-sep-container title-sep-container-right\"><div class=\"title-sep sep- sep-solid\" style=\"border-color:var(--awb-color3);\"><\/div><\/div><\/div><div class=\"fusion-separator fusion-full-width-sep\" style=\"align-self: center;margin-left: auto;margin-right: auto;margin-top:30px;margin-bottom:30px;width:100%;\"><\/div><\/div><\/div><\/div><\/div><div class=\"fusion-fullwidth fullwidth-box fusion-builder-row-2 fusion-flex-container has-pattern-background has-mask-background nonhundred-percent-fullwidth non-hundred-percent-height-scrolling\" style=\"--awb-border-radius-top-left:0px;--awb-border-radius-top-right:0px;--awb-border-radius-bottom-right:0px;--awb-border-radius-bottom-left:0px;--awb-flex-wrap:wrap;\" ><div class=\"fusion-builder-row fusion-row fusion-flex-align-items-flex-start fusion-flex-content-wrap\" style=\"max-width:1144px;margin-left: calc(-4% \/ 2 );margin-right: calc(-4% \/ 2 );\"><div class=\"fusion-layout-column fusion_builder_column fusion-builder-column-1 fusion_builder_column_1_1 1_1 fusion-flex-column\" style=\"--awb-bg-size:cover;--awb-width-large:100%;--awb-margin-top-large:0px;--awb-spacing-right-large:1.92%;--awb-margin-bottom-large:20px;--awb-spacing-left-large:1.92%;--awb-width-medium:100%;--awb-order-medium:0;--awb-spacing-right-medium:1.92%;--awb-spacing-left-medium:1.92%;--awb-width-small:100%;--awb-order-small:0;--awb-spacing-right-small:1.92%;--awb-spacing-left-small:1.92%;\"><div class=\"fusion-column-wrapper fusion-column-has-shadow fusion-flex-justify-content-flex-start fusion-content-layout-column\"><style type=\"text\/css\">#accordian-1 .fusion-panel:hover,#accordian-1 .fusion-panel.hover{ background-color: var(--awb-color1) } #accordian-1 .fusion-panel { border-color:var(--awb-color5); border-width:0px; background-color:var(--awb-color1); }.fusion-accordian #accordian-1 .panel-title a .fa-fusion-box:before{ font-size: 17px;width: 17px;}.fusion-accordian #accordian-1 .panel-title a .fa-fusion-box{ color: var(--awb-color4);}.fusion-accordian  #accordian-1 .panel-title a{font-family:var(--awb-typography1-font-family);font-weight:var(--awb-typography1-font-weight);font-style:var(--awb-typography1-font-style);}.fusion-accordian  #accordian-1 .panel-title a:not(:hover){}.fusion-accordian  #accordian-1 .toggle-content{font-family:var(--awb-typography4-font-family);font-weight:var(--awb-typography4-font-weight);font-style:var(--awb-typography4-font-style);}.fusion-accordian #accordian-1 .panel-title a:hover,.fusion-accordian #accordian-1 .panel-title a.hover { color: var(--awb-color5);}.fusion-faq-shortcode .fusion-accordian #accordian-1 .fusion-toggle-boxed-mode:hover .panel-title a { color: var(--awb-color5);}.fusion-accordian #accordian-1.fusion-toggle-icon-unboxed .panel-title a:hover .fa-fusion-box,.fusion-accordian #accordian-1.fusion-toggle-icon-unboxed .panel-title a.hover .fa-fusion-box { color: var(--awb-color5); }<\/style><div class=\"fusion-faq-shortcode\" style=\"\"><div class=\"fusion-faqs-wrapper\"><div class=\"accordian fusion-accordian\"><div class=\"panel-group  fusion-toggle-icon-unboxed\" id=\"accordian-1\"><div class=\"fusion-panel fusion-toggle-no-divider fusion-toggle-boxed-mode panel-default fusion-faq-post fusion-faq-post-1363 \"><span class=\"entry-title rich-snippet-hidden\">Devons-nous signer des contrats ou des ententes avec vous ?<\/span><span class=\"vcard rich-snippet-hidden\"><span class=\"fn\"><a href=\"https:\/\/bestyears.ca\/fr\/author\/moniquez\/\" title=\"Articles par Monique Z\" rel=\"author\">Monique Z<\/a><\/span><\/span><span class=\"updated rich-snippet-hidden\">2023-02-01T13:52:42-05:00<\/span><div class=\"panel-heading\"><h4 id=\"faq_1-1363\" class=\"panel-title toggle\"><a data-toggle=\"collapse\" class=\"collapsed\" data-parent=\"#accordian-1\" data-target=\"#collapse-1-1363\" href=\"#collapse-1-1363\" aria-expanded=\"false\"><div class=\"fusion-toggle-icon-wrapper\"><div class=\"fusion-toggle-icon-wrapper-main\"><div class=\"fusion-toggle-icon-wrapper-sub\"><i class=\"fa-fusion-box active-icon awb-icon-minus\" aria-hidden=\"true\"><\/i><i class=\"fa-fusion-box inactive-icon awb-icon-plus\" aria-hidden=\"true\"><\/i><\/div><\/div><\/div><div class=\"fusion-toggle-heading\">Devons-nous signer des contrats ou des ententes avec vous ?<\/div><\/a><\/h4><\/div><div id=\"collapse-1-1363\" aria-labelledby=\"faq_1-1363\" class=\"panel-collapse collapse\"><div class=\"panel-body toggle-content post-content\"><p style=\"font-weight: 400;\">Jamais.\u00a0 La seule chose que nous demandons \u00e0 nos clients, compte tenu de notre expertise gratuite, est qu&rsquo;une fois qu&rsquo;ils ont d\u00e9cid\u00e9 de faire appel \u00e0 nos services, ils ne travaillent qu&rsquo;avec une seule entreprise de r\u00e9f\u00e9rence et nous permettent \u00e9galement d&rsquo;\u00e9tablir les premiers contacts avec les r\u00e9sidences pour personnes \u00e2g\u00e9es en leur nom.\u00a0 Cela nous permet d&rsquo;offrir le meilleur service possible \u00e0 nos a\u00een\u00e9s et \u00e0 leurs familles.<\/p>\n<\/div><\/div><\/div><div class=\"fusion-panel fusion-toggle-no-divider fusion-toggle-boxed-mode panel-default fusion-faq-post fusion-faq-post-1361 \"><span class=\"entry-title rich-snippet-hidden\">Quel est le cr\u00e9dit d&rsquo;imp\u00f4t offert aux personnes \u00e2g\u00e9es qui vivent dans une r\u00e9sidence pour personnes \u00e2g\u00e9es et comment pouvez-vous nous aider ?<\/span><span class=\"vcard rich-snippet-hidden\"><span class=\"fn\"><a href=\"https:\/\/bestyears.ca\/fr\/author\/moniquez\/\" title=\"Articles par Monique Z\" rel=\"author\">Monique Z<\/a><\/span><\/span><span class=\"updated rich-snippet-hidden\">2023-02-01T13:51:34-05:00<\/span><div class=\"panel-heading\"><h4 id=\"faq_1-1361\" class=\"panel-title toggle\"><a data-toggle=\"collapse\" class=\"collapsed\" data-parent=\"#accordian-1\" data-target=\"#collapse-1-1361\" href=\"#collapse-1-1361\" aria-expanded=\"false\"><div class=\"fusion-toggle-icon-wrapper\"><div class=\"fusion-toggle-icon-wrapper-main\"><div class=\"fusion-toggle-icon-wrapper-sub\"><i class=\"fa-fusion-box active-icon awb-icon-minus\" aria-hidden=\"true\"><\/i><i class=\"fa-fusion-box inactive-icon awb-icon-plus\" aria-hidden=\"true\"><\/i><\/div><\/div><\/div><div class=\"fusion-toggle-heading\">Quel est le cr\u00e9dit d&rsquo;imp\u00f4t offert aux personnes \u00e2g\u00e9es qui vivent dans une r\u00e9sidence pour personnes \u00e2g\u00e9es et comment pouvez-vous nous aider ?<\/div><\/a><\/h4><\/div><div id=\"collapse-1-1361\" aria-labelledby=\"faq_1-1361\" class=\"panel-collapse collapse\"><div class=\"panel-body toggle-content post-content\"><p style=\"font-weight: 400;\">Le gouvernement du Qu\u00e9bec offre \u00e0 tous les a\u00een\u00e9s \u00e2g\u00e9s de plus de 70 ans et vivant dans une r\u00e9sidence priv\u00e9e pour a\u00een\u00e9s, l&rsquo;acc\u00e8s au cr\u00e9dit d&rsquo;imp\u00f4t pour services de soutien \u00e0 domicile.\u00a0 Le montant qu&rsquo;une personne \u00e2g\u00e9e re\u00e7oit mensuellement d\u00e9pend de ses revenus (dans le cas des personnes \u00e2g\u00e9es autonomes) ainsi que du montant de son loyer mensuel dans les r\u00e9sidences, y compris les services tels que les repas, l&rsquo;entretien m\u00e9nager et les soins personnels.<\/p>\n<p style=\"font-weight: 400;\">Nous vous aiderons \u00e0 mieux comprendre cette importante subvention gouvernementale et pouvons m\u00eame vous assister dans le processus de demande. Pour plus d&rsquo;informations, vous pouvez consulter le site Internet de Revenu Qu\u00e9bec<\/p>\n<p style=\"font-weight: 400;\">https:\/\/www.revenuquebec.ca\/en\/citizens\/tax-credits\/tax-credit-for-home-support-services-for-seniors\/.<\/p>\n<\/div><\/div><\/div><div class=\"fusion-panel fusion-toggle-no-divider fusion-toggle-boxed-mode panel-default fusion-faq-post fusion-faq-post-1359 \"><span class=\"entry-title rich-snippet-hidden\">Pouvez-vous aider \u00e0 r\u00e9silier un bail dans le lieu de r\u00e9sidence actuel ?<\/span><span class=\"vcard rich-snippet-hidden\"><span class=\"fn\"><a href=\"https:\/\/bestyears.ca\/fr\/author\/moniquez\/\" title=\"Articles par Monique Z\" rel=\"author\">Monique Z<\/a><\/span><\/span><span class=\"updated rich-snippet-hidden\">2023-02-01T13:51:11-05:00<\/span><div class=\"panel-heading\"><h4 id=\"faq_1-1359\" class=\"panel-title toggle\"><a data-toggle=\"collapse\" class=\"collapsed\" data-parent=\"#accordian-1\" data-target=\"#collapse-1-1359\" href=\"#collapse-1-1359\" aria-expanded=\"false\"><div class=\"fusion-toggle-icon-wrapper\"><div class=\"fusion-toggle-icon-wrapper-main\"><div class=\"fusion-toggle-icon-wrapper-sub\"><i class=\"fa-fusion-box active-icon awb-icon-minus\" aria-hidden=\"true\"><\/i><i class=\"fa-fusion-box inactive-icon awb-icon-plus\" aria-hidden=\"true\"><\/i><\/div><\/div><\/div><div class=\"fusion-toggle-heading\">Pouvez-vous aider \u00e0 r\u00e9silier un bail dans le lieu de r\u00e9sidence actuel ?<\/div><\/a><\/h4><\/div><div id=\"collapse-1-1359\" aria-labelledby=\"faq_1-1359\" class=\"panel-collapse collapse\"><div class=\"panel-body toggle-content post-content\"><p style=\"font-weight: 400;\">Absolument.\u00a0 Nous connaissons bien les droits des personnes \u00e2g\u00e9es lorsqu&rsquo;elles r\u00e9silient un bail pour emm\u00e9nager dans une r\u00e9sidence pour personnes \u00e2g\u00e9es.\u00a0 Nous pouvons vous fournir les documents n\u00e9cessaires \u00e0 remplir et vous conseiller sur la fa\u00e7on de proc\u00e9der.<\/p>\n<\/div><\/div><\/div><div class=\"fusion-panel fusion-toggle-no-divider fusion-toggle-boxed-mode panel-default fusion-faq-post fusion-faq-post-1357 \"><span class=\"entry-title rich-snippet-hidden\">Pourquoi devrais-je demander l&rsquo;aide d&rsquo;un conseiller en h\u00e9bergement plut\u00f4t que d&rsquo;appeler et de visiter par moi-m\u00eame ? Voici quelques bonnes raisons :<\/span><span class=\"vcard rich-snippet-hidden\"><span class=\"fn\"><a href=\"https:\/\/bestyears.ca\/fr\/author\/moniquez\/\" title=\"Articles par Monique Z\" rel=\"author\">Monique Z<\/a><\/span><\/span><span class=\"updated rich-snippet-hidden\">2023-02-01T13:50:49-05:00<\/span><div class=\"panel-heading\"><h4 id=\"faq_1-1357\" class=\"panel-title toggle\"><a data-toggle=\"collapse\" class=\"collapsed\" data-parent=\"#accordian-1\" data-target=\"#collapse-1-1357\" href=\"#collapse-1-1357\" aria-expanded=\"false\"><div class=\"fusion-toggle-icon-wrapper\"><div class=\"fusion-toggle-icon-wrapper-main\"><div class=\"fusion-toggle-icon-wrapper-sub\"><i class=\"fa-fusion-box active-icon awb-icon-minus\" aria-hidden=\"true\"><\/i><i class=\"fa-fusion-box inactive-icon awb-icon-plus\" aria-hidden=\"true\"><\/i><\/div><\/div><\/div><div class=\"fusion-toggle-heading\">Pourquoi devrais-je demander l&rsquo;aide d&rsquo;un conseiller en h\u00e9bergement plut\u00f4t que d&rsquo;appeler et de visiter par moi-m\u00eame ? Voici quelques bonnes raisons :<\/div><\/a><\/h4><\/div><div id=\"collapse-1-1357\" aria-labelledby=\"faq_1-1357\" class=\"panel-collapse collapse\"><div class=\"panel-body toggle-content post-content\"><p style=\"font-weight: 400;\">&#8211; Il y a plus de 500 r\u00e9sidences potentielles \u00e0 Montr\u00e9al et dans les environs parmi lesquelles il faut choisir.\u00a0 La plupart des clients viennent nous voir pour notre expertise parce qu&rsquo;ils se sentent d\u00e9pass\u00e9s par les options et ne savent pas o\u00f9 ni comment commencer.<\/p>\n<p style=\"font-weight: 400;\">&#8211; Nous \u00e9liminons la n\u00e9cessit\u00e9 d\u2019engager avec les vendeurs de plusieurs r\u00e9sidences, les appels de suivi insistants, le manque d&rsquo;informations et de critiques pertinentes et v\u00e9ridiques.<\/p>\n<p style=\"font-weight: 400;\">&#8211; Vous aurez acc\u00e8s \u00e0 un conseiller personnel impartial, un syst\u00e8me de soutien et un t\u00e9moin des informations pr\u00e9sent\u00e9es lors des visites. Votre conseiller en h\u00e9bergement sera pr\u00e9sent m\u00eame apr\u00e8s votre d\u00e9m\u00e9nagement pour s&rsquo;assurer que vous \u00eates enti\u00e8rement satisfait de votre nouveau cadre de vie.<\/p>\n<p style=\"font-weight: 400;\">&#8211; Gr\u00e2ce \u00e0 l&rsquo;acc\u00e8s \u00e0 l&rsquo;expertise de nos nombreux et pr\u00e9cieux partenaires, nous pouvons orienter nos clients vers des services compl\u00e9mentaires dont vous pourriez avoir besoin pour faciliter votre relocalisation, notamment des organisateurs de maisons, des experts en relocalisation, des d\u00e9m\u00e9nageurs, des notaires, des experts fiscaux et des services de soins \u00e0 domicile, pour en nommer que quelques-uns.<\/p>\n<\/div><\/div><\/div><div class=\"fusion-panel fusion-toggle-no-divider fusion-toggle-boxed-mode panel-default fusion-faq-post fusion-faq-post-1355 \"><span class=\"entry-title rich-snippet-hidden\">Combien de temps le processus prend-il \u00e0 partir de notre premier contact avec un conseiller en h\u00e9bergement?<\/span><span class=\"vcard rich-snippet-hidden\"><span class=\"fn\"><a href=\"https:\/\/bestyears.ca\/fr\/author\/moniquez\/\" title=\"Articles par Monique Z\" rel=\"author\">Monique Z<\/a><\/span><\/span><span class=\"updated rich-snippet-hidden\">2023-02-01T13:50:23-05:00<\/span><div class=\"panel-heading\"><h4 id=\"faq_1-1355\" class=\"panel-title toggle\"><a data-toggle=\"collapse\" class=\"collapsed\" data-parent=\"#accordian-1\" data-target=\"#collapse-1-1355\" href=\"#collapse-1-1355\" aria-expanded=\"false\"><div class=\"fusion-toggle-icon-wrapper\"><div class=\"fusion-toggle-icon-wrapper-main\"><div class=\"fusion-toggle-icon-wrapper-sub\"><i class=\"fa-fusion-box active-icon awb-icon-minus\" aria-hidden=\"true\"><\/i><i class=\"fa-fusion-box inactive-icon awb-icon-plus\" aria-hidden=\"true\"><\/i><\/div><\/div><\/div><div class=\"fusion-toggle-heading\">Combien de temps le processus prend-il \u00e0 partir de notre premier contact avec un conseiller en h\u00e9bergement?<\/div><\/a><\/h4><\/div><div id=\"collapse-1-1355\" aria-labelledby=\"faq_1-1355\" class=\"panel-collapse collapse\"><div class=\"panel-body toggle-content post-content\"><p style=\"font-weight: 400;\">Cela d\u00e9pend en grande partie de la personne a\u00een\u00e9 et de sa situation particuli\u00e8re.\u00a0 Dans les situations les plus urgentes, un relogement en r\u00e9sidence peut prendre quelques jours seulement, parfois m\u00eame quelques heures.\u00a0 D&rsquo;autres relocalisations peuvent prendre plusieurs mois lorsqu&rsquo;il y a une maison \u00e0 vendre ou un d\u00e9m\u00e9nagement \u00e0 l&rsquo;ext\u00e9rieur de la province. Nous travaillons toujours au rythme du confort et des besoins de nos clients.<\/p>\n<\/div><\/div><\/div><div class=\"fusion-panel fusion-toggle-no-divider fusion-toggle-boxed-mode panel-default fusion-faq-post fusion-faq-post-1353 \"><span class=\"entry-title rich-snippet-hidden\">Pouvez-vous nous r\u00e9f\u00e9rer \u00e0 un \u00e9tablissement public ou gouvernemental tel qu&rsquo;un RI ou un CHSLD ?<\/span><span class=\"vcard rich-snippet-hidden\"><span class=\"fn\"><a href=\"https:\/\/bestyears.ca\/fr\/author\/moniquez\/\" title=\"Articles par Monique Z\" rel=\"author\">Monique Z<\/a><\/span><\/span><span class=\"updated rich-snippet-hidden\">2023-02-01T13:49:57-05:00<\/span><div class=\"panel-heading\"><h4 id=\"faq_1-1353\" class=\"panel-title toggle\"><a data-toggle=\"collapse\" class=\"collapsed\" data-parent=\"#accordian-1\" data-target=\"#collapse-1-1353\" href=\"#collapse-1-1353\" aria-expanded=\"false\"><div class=\"fusion-toggle-icon-wrapper\"><div class=\"fusion-toggle-icon-wrapper-main\"><div class=\"fusion-toggle-icon-wrapper-sub\"><i class=\"fa-fusion-box active-icon awb-icon-minus\" aria-hidden=\"true\"><\/i><i class=\"fa-fusion-box inactive-icon awb-icon-plus\" aria-hidden=\"true\"><\/i><\/div><\/div><\/div><div class=\"fusion-toggle-heading\">Pouvez-vous nous r\u00e9f\u00e9rer \u00e0 un \u00e9tablissement public ou gouvernemental tel qu&rsquo;un RI ou un CHSLD ?<\/div><\/a><\/h4><\/div><div id=\"collapse-1-1353\" aria-labelledby=\"faq_1-1353\" class=\"panel-collapse collapse\"><div class=\"panel-body toggle-content post-content\"><p style=\"font-weight: 400;\">Malheureusement, non.\u00a0 L&rsquo;acc\u00e8s aux \u00e9tablissements de soins g\u00e9r\u00e9s par le gouvernement est facilit\u00e9 par les services sociaux au Qu\u00e9bec, soit par le CLSC\/CIUSS ou les h\u00f4pitaux.\u00a0 La liste d&rsquo;attente pour obtenir un lit ou une chambre dans ces milieux est g\u00e9n\u00e9ralement extr\u00eamement longue.\u00a0 Nous pouvons toutefois combler le vide en orientant les personnes \u00e2g\u00e9es vers des r\u00e9sidences priv\u00e9es, en attendant leur placement public.<\/p>\n<\/div><\/div><\/div><div class=\"fusion-panel fusion-toggle-no-divider fusion-toggle-boxed-mode panel-default fusion-faq-post fusion-faq-post-1351 \"><span class=\"entry-title rich-snippet-hidden\">Recommandez-vous toutes les r\u00e9sidences, ou seulement certaines d&rsquo;entre elles ?<\/span><span class=\"vcard rich-snippet-hidden\"><span class=\"fn\"><a href=\"https:\/\/bestyears.ca\/fr\/author\/moniquez\/\" title=\"Articles par Monique Z\" rel=\"author\">Monique Z<\/a><\/span><\/span><span class=\"updated rich-snippet-hidden\">2023-02-01T13:49:35-05:00<\/span><div class=\"panel-heading\"><h4 id=\"faq_1-1351\" class=\"panel-title toggle\"><a data-toggle=\"collapse\" class=\"collapsed\" data-parent=\"#accordian-1\" data-target=\"#collapse-1-1351\" href=\"#collapse-1-1351\" aria-expanded=\"false\"><div class=\"fusion-toggle-icon-wrapper\"><div class=\"fusion-toggle-icon-wrapper-main\"><div class=\"fusion-toggle-icon-wrapper-sub\"><i class=\"fa-fusion-box active-icon awb-icon-minus\" aria-hidden=\"true\"><\/i><i class=\"fa-fusion-box inactive-icon awb-icon-plus\" aria-hidden=\"true\"><\/i><\/div><\/div><\/div><div class=\"fusion-toggle-heading\">Recommandez-vous toutes les r\u00e9sidences, ou seulement certaines d&rsquo;entre elles ?<\/div><\/a><\/h4><\/div><div id=\"collapse-1-1351\" aria-labelledby=\"faq_1-1351\" class=\"panel-collapse collapse\"><div class=\"panel-body toggle-content post-content\"><p style=\"font-weight: 400;\">Si une r\u00e9sidence a besoin et souhaite travailler avec des soci\u00e9t\u00e9s de r\u00e9f\u00e9rencement de logements, comme la n\u00f4tre, nous travaillons avec elle !\u00a0 Nous ne favorisons pas une par rapport \u00e0 une autre. Notre objectif est toujours de ne recommander et de ne r\u00e9f\u00e9rer que les r\u00e9sidences qui conviennent le mieux \u00e0 nos clients.<\/p>\n<\/div><\/div><\/div><div class=\"fusion-panel fusion-toggle-no-divider fusion-toggle-boxed-mode panel-default fusion-faq-post fusion-faq-post-1349 \"><span class=\"entry-title rich-snippet-hidden\">Comment pouvez-vous offrir vos services gratuitement aux familles que vous servez ?<\/span><span class=\"vcard rich-snippet-hidden\"><span class=\"fn\"><a href=\"https:\/\/bestyears.ca\/fr\/author\/moniquez\/\" title=\"Articles par Monique Z\" rel=\"author\">Monique Z<\/a><\/span><\/span><span class=\"updated rich-snippet-hidden\">2023-02-01T13:49:11-05:00<\/span><div class=\"panel-heading\"><h4 id=\"faq_1-1349\" class=\"panel-title toggle\"><a data-toggle=\"collapse\" class=\"collapsed\" data-parent=\"#accordian-1\" data-target=\"#collapse-1-1349\" href=\"#collapse-1-1349\" aria-expanded=\"false\"><div class=\"fusion-toggle-icon-wrapper\"><div class=\"fusion-toggle-icon-wrapper-main\"><div class=\"fusion-toggle-icon-wrapper-sub\"><i class=\"fa-fusion-box active-icon awb-icon-minus\" aria-hidden=\"true\"><\/i><i class=\"fa-fusion-box inactive-icon awb-icon-plus\" aria-hidden=\"true\"><\/i><\/div><\/div><\/div><div class=\"fusion-toggle-heading\">Comment pouvez-vous offrir vos services gratuitement aux familles que vous servez ?<\/div><\/a><\/h4><\/div><div id=\"collapse-1-1349\" aria-labelledby=\"faq_1-1349\" class=\"panel-collapse collapse\"><div class=\"panel-body toggle-content post-content\"><p style=\"font-weight: 400;\">En effet, les services que nous offrons \u00e0 nos a\u00een\u00e9s et \u00e0 leurs familles sont enti\u00e8rement GRATUITS et sans obligation.\u00a0 Les r\u00e9sidences comptent sur nous pour leur recommander des personnes qui conviennent bien \u00e0 leur offre de services et \u00e0 leur environnement et qui seront heureuses et s&rsquo;\u00e9panouiront avec elles.\u00a0\u00a0 Nous sommes donc r\u00e9mun\u00e9r\u00e9s par le r\u00e9seau de r\u00e9sidences priv\u00e9es pour les personnes que nous leur r\u00e9f\u00e8re.<\/p>\n<\/div><\/div><\/div><\/div><\/div><\/div><\/div><\/div><\/div><\/div><\/div><div class=\"fusion-fullwidth fullwidth-box fusion-builder-row-3 fusion-flex-container has-pattern-background has-mask-background nonhundred-percent-fullwidth non-hundred-percent-height-scrolling\" style=\"--awb-border-radius-top-left:0px;--awb-border-radius-top-right:0px;--awb-border-radius-bottom-right:0px;--awb-border-radius-bottom-left:0px;--awb-flex-wrap:wrap;\" ><div class=\"fusion-builder-row fusion-row fusion-flex-align-items-flex-start fusion-flex-content-wrap\" style=\"max-width:1144px;margin-left: calc(-4% \/ 2 );margin-right: calc(-4% \/ 2 );\"><div class=\"fusion-layout-column fusion_builder_column fusion-builder-column-2 fusion_builder_column_1_1 1_1 fusion-flex-column\" style=\"--awb-bg-size:cover;--awb-width-large:100%;--awb-margin-top-large:0px;--awb-spacing-right-large:1.92%;--awb-margin-bottom-large:20px;--awb-spacing-left-large:1.92%;--awb-width-medium:100%;--awb-order-medium:0;--awb-spacing-right-medium:1.92%;--awb-spacing-left-medium:1.92%;--awb-width-small:100%;--awb-order-small:0;--awb-spacing-right-small:1.92%;--awb-spacing-left-small:1.92%;\"><div class=\"fusion-column-wrapper fusion-column-has-shadow fusion-flex-justify-content-flex-start fusion-content-layout-column\"><\/div><\/div><\/div><\/div><\/p>\n","protected":false},"excerpt":{"rendered":"","protected":false},"author":2,"featured_media":0,"parent":0,"menu_order":0,"comment_status":"closed","ping_status":"closed","template":"","meta":{"_coblocks_attr":"","_coblocks_dimensions":"","_coblocks_responsive_height":"","_coblocks_accordion_ie_support":"","footnotes":""},"class_list":["post-1345","page","type-page","status-publish","hentry"],"aioseo_notices":[],"_links":{"self":[{"href":"https:\/\/bestyears.ca\/fr\/wp-json\/wp\/v2\/pages\/1345","targetHints":{"allow":["GET"]}}],"collection":[{"href":"https:\/\/bestyears.ca\/fr\/wp-json\/wp\/v2\/pages"}],"about":[{"href":"https:\/\/bestyears.ca\/fr\/wp-json\/wp\/v2\/types\/page"}],"author":[{"embeddable":true,"href":"https:\/\/bestyears.ca\/fr\/wp-json\/wp\/v2\/users\/2"}],"replies":[{"embeddable":true,"href":"https:\/\/bestyears.ca\/fr\/wp-json\/wp\/v2\/comments?post=1345"}],"version-history":[{"count":3,"href":"https:\/\/bestyears.ca\/fr\/wp-json\/wp\/v2\/pages\/1345\/revisions"}],"predecessor-version":[{"id":1348,"href":"https:\/\/bestyears.ca\/fr\/wp-json\/wp\/v2\/pages\/1345\/revisions\/1348"}],"wp:attachment":[{"href":"https:\/\/bestyears.ca\/fr\/wp-json\/wp\/v2\/media?parent=1345"}],"curies":[{"name":"wp","href":"https:\/\/api.w.org\/{rel}","templated":true}]}}